{"id":2,"date":"2021-06-23T16:27:07","date_gmt":"2021-06-23T21:27:07","guid":{"rendered":"http:\/\/academia.camiloharker.com\/?page_id=2"},"modified":"2021-07-05T20:26:54","modified_gmt":"2021-07-06T01:26:54","slug":"pagina-ejemplo","status":"publish","type":"page","link":"https:\/\/camiloharker.com\/academia\/","title":{"rendered":""},"content":{"rendered":"\n\n\n\n<div class=\"wp-block-columns is-layout-flex wp-container-core-columns-is-layout-9d6595d7 wp-block-columns-is-layout-flex\">\n<div class=\"wp-block-column is-layout-flow wp-block-column-is-layout-flow\" style=\"flex-basis:100%\">\n<div class=\"wp-block-columns is-layout-flex wp-container-core-columns-is-layout-9d6595d7 wp-block-columns-is-layout-flex\">\n<div class=\"wp-block-column is-layout-flow wp-block-column-is-layout-flow\">\n<!-- Begin Mailchimp Signup Form -->\n<link href=\"\/\/cdn-images.mailchimp.com\/embedcode\/classic-10_7.css\" rel=\"stylesheet\" type=\"text\/css\">\n<style type=\"text\/css\">\n\t#mc_embed_signup{clear:left; font:14px Helvetica,Arial,sans-serif; }\n\t\/* Add your own Mailchimp form style overrides in your site stylesheet or in this style block.\n\t   We recommend moving this block and the preceding CSS link to the HEAD of your HTML file. *\/\n<\/style>\n<div id=\"mc_embed_signup\">\n<form action=\"https:\/\/camiloharker.us6.list-manage.com\/subscribe\/post?u=f3ed5d1dc59fe70eb8d1379f2&amp;id=f7195f3078\" method=\"post\" id=\"mc-embedded-subscribe-form\" name=\"mc-embedded-subscribe-form\" class=\"validate\" target=\"_blank\" novalidate=\"\">\n    <div id=\"mc_embed_signup_scroll\">\n\t<center><h1>!Reg\u00edstrate Ya!<\/h1><\/center>\n<div class=\"indicates-required\"><span class=\"asterisk\">*<\/span> indicates required<\/div>\n<div class=\"mc-field-group\">\n\t<label for=\"mce-EMAIL\">Email  <span class=\"asterisk\">*<\/span>\n<\/label>\n\t<input type=\"email\" value=\"\" name=\"EMAIL\" class=\"required email\" id=\"mce-EMAIL\">\n<\/div>\n<div class=\"mc-field-group\">\n\t<label for=\"mce-FNAME\">Nombre  <span class=\"asterisk\">*<\/span>\n<\/label>\n\t<input type=\"text\" value=\"\" name=\"FNAME\" class=\"required\" id=\"mce-FNAME\">\n<\/div>\n<div class=\"mc-field-group\">\n\t<label for=\"mce-LNAME\">Apellido  <span class=\"asterisk\">*<\/span>\n<\/label>\n\t<input type=\"text\" value=\"\" name=\"LNAME\" class=\"required\" id=\"mce-LNAME\">\n<\/div>\n<div class=\"mc-field-group size1of2\">\n\t<label for=\"mce-PHONE\">Celular  <span class=\"asterisk\">*<\/span>\n<\/label>\n\t<input type=\"text\" name=\"PHONE\" class=\"required\" value=\"\" id=\"mce-PHONE\">\n<\/div>\n\t<div id=\"mce-responses\" class=\"clear\">\n\t\t<div class=\"response\" id=\"mce-error-response\" style=\"display:none\"><\/div>\n\t\t<div class=\"response\" id=\"mce-success-response\" style=\"display:none\"><\/div>\n\t<\/div>    <!-- real people should not fill this in and expect good things - do not remove this or risk form bot signups-->\n    <div style=\"position: absolute; left: -5000px;\" aria-hidden=\"true\"><input type=\"text\" name=\"b_f3ed5d1dc59fe70eb8d1379f2_f7195f3078\" tabindex=\"-1\" value=\"\"><\/div>\n    <div class=\"clear\"><input type=\"submit\" value=\"Subscribe\" name=\"subscribe\" id=\"mc-embedded-subscribe\" class=\"button\"><\/div>\n    <\/div>\n<\/form>\n<\/div>\n<script type=\"text\/javascript\" src=\"\/\/s3.amazonaws.com\/downloads.mailchimp.com\/js\/mc-validate.js\"><\/script><script type=\"text\/javascript\">(function($) {window.fnames = new Array(); window.ftypes = new Array();fnames[0]='EMAIL';ftypes[0]='email';fnames[1]='FNAME';ftypes[1]='text';fnames[2]='LNAME';ftypes[2]='text';fnames[3]='ADDRESS';ftypes[3]='address';fnames[4]='PHONE';ftypes[4]='phone';fnames[5]='BIRTHDAY';ftypes[5]='birthday';}(jQuery));var $mcj = jQuery.noConflict(true);<\/script>\n<!--End mc_embed_signup-->\n<\/div>\n\n\n\n<div class=\"wp-block-column is-layout-flow wp-block-column-is-layout-flow\">\n<div class=\"wp-block-columns is-layout-flex wp-container-core-columns-is-layout-9d6595d7 wp-block-columns-is-layout-flex\">\n<div class=\"wp-block-column is-layout-flow wp-block-column-is-layout-flow\" style=\"flex-basis:100%\">\n<h3 class=\"has-text-align-right wp-block-heading\" style=\"-webkit-hyphens: none; -ms-hyphens: none; hyphens: none;\">Hola, mi nombre es <strong>Camilo Harker<\/strong>, soy <strong>Dise\u00f1ador Gr\u00e1fico<\/strong> con m\u00e1s de <strong>20 a\u00f1os de experiencia profesional<\/strong> en el mercado.  Ser\u00e9 <strong>tu mentor<\/strong> <strong>para que<\/strong> sin importar tu experiencia <strong>seas un dise\u00f1ador gr\u00e1fico profeisonal<\/strong>.<\/h3>\n<\/div>\n<\/div>\n<\/div>\n\n\n\n<div class=\"wp-block-column is-layout-flow wp-block-column-is-layout-flow\">\n<figure class=\"wp-block-image size-large\"><img loading=\"lazy\" decoding=\"async\" width=\"744\" height=\"853\" src=\"http:\/\/academia.camiloharker.com\/wp-content\/uploads\/2021\/06\/foto_Camilo.png\" alt=\"\" class=\"wp-image-45\" srcset=\"https:\/\/camiloharker.com\/academia\/wp-content\/uploads\/2021\/06\/foto_Camilo.png 744w, https:\/\/camiloharker.com\/academia\/wp-content\/uploads\/2021\/06\/foto_Camilo-262x300.png 262w\" sizes=\"auto, (max-width: 744px) 100vw, 744px\" \/><\/figure>\n<\/div>\n<\/div>\n<\/div>\n<\/div>\n\n\n\n<figure class=\"wp-block-image alignwide size-large\"><img loading=\"lazy\" decoding=\"async\" width=\"1024\" height=\"125\" src=\"https:\/\/camiloharker.com\/academia\/wp-content\/uploads\/2021\/07\/cenefa_1200-1-1024x125.jpg\" alt=\"\" class=\"wp-image-226\" srcset=\"https:\/\/camiloharker.com\/academia\/wp-content\/uploads\/2021\/07\/cenefa_1200-1-1024x125.jpg 1024w, https:\/\/camiloharker.com\/academia\/wp-content\/uploads\/2021\/07\/cenefa_1200-1-300x37.jpg 300w, https:\/\/camiloharker.com\/academia\/wp-content\/uploads\/2021\/07\/cenefa_1200-1-768x94.jpg 768w, https:\/\/camiloharker.com\/academia\/wp-content\/uploads\/2021\/07\/cenefa_1200-1-100x12.jpg 100w, https:\/\/camiloharker.com\/academia\/wp-content\/uploads\/2021\/07\/cenefa_1200-1-800x98.jpg 800w, https:\/\/camiloharker.com\/academia\/wp-content\/uploads\/2021\/07\/cenefa_1200-1.jpg 1200w\" sizes=\"auto, (max-width: 1024px) 100vw, 1024px\" \/><\/figure>\n\n\n\n<div class=\"wp-block-buttons is-content-justification-center is-layout-flex wp-block-buttons-is-layout-flex\">\n<div class=\"wp-block-button\"><a class=\"wp-block-button__link\" href=\"https:\/\/camiloharker.com\/academia\/landing-seminario-fdgp\/\">Mayor informaci\u00f3n del seminario hacer click aqu\u00ed<\/a><\/div>\n<\/div>\n\n\n\n<p><\/p>\n","protected":false},"excerpt":{"rendered":"<p>!Reg\u00edstrate Ya! * indicates required Email * Nombre * Apellido * Celular * Hola, mi nombre es Camilo Harker, soy Dise\u00f1ador Gr\u00e1fico con m\u00e1s de 20 a\u00f1os de experiencia profesional en el mercado. Ser\u00e9 tu mentor para que sin importar tu experiencia seas un dise\u00f1ador <span class=\"read-more\"><a class=\"more-link btn btn-transparent\" href=\"https:\/\/camiloharker.com\/academia\/\">Leer m\u00e1s&#8230;<\/a><\/span><\/p>\n","protected":false},"author":1,"featured_media":0,"parent":0,"menu_order":0,"comment_status":"closed","ping_status":"open","template":"","meta":{"footnotes":""},"class_list":["post-2","page","type-page","status-publish","hentry"],"_links":{"self":[{"href":"https:\/\/camiloharker.com\/academia\/wp-json\/wp\/v2\/pages\/2","targetHints":{"allow":["GET"]}}],"collection":[{"href":"https:\/\/camiloharker.com\/academia\/wp-json\/wp\/v2\/pages"}],"about":[{"href":"https:\/\/camiloharker.com\/academia\/wp-json\/wp\/v2\/types\/page"}],"author":[{"embeddable":true,"href":"https:\/\/camiloharker.com\/academia\/wp-json\/wp\/v2\/users\/1"}],"replies":[{"embeddable":true,"href":"https:\/\/camiloharker.com\/academia\/wp-json\/wp\/v2\/comments?post=2"}],"version-history":[{"count":38,"href":"https:\/\/camiloharker.com\/academia\/wp-json\/wp\/v2\/pages\/2\/revisions"}],"predecessor-version":[{"id":232,"href":"https:\/\/camiloharker.com\/academia\/wp-json\/wp\/v2\/pages\/2\/revisions\/232"}],"wp:attachment":[{"href":"https:\/\/camiloharker.com\/academia\/wp-json\/wp\/v2\/media?parent=2"}],"curies":[{"name":"wp","href":"https:\/\/api.w.org\/{rel}","templated":true}]}}