{"id":162,"date":"2021-07-05T11:20:17","date_gmt":"2021-07-05T16:20:17","guid":{"rendered":"https:\/\/camiloharker.com\/academia\/?page_id=162"},"modified":"2021-07-14T15:22:46","modified_gmt":"2021-07-14T20:22:46","slug":"landing-seminario-fdgp","status":"publish","type":"page","link":"https:\/\/camiloharker.com\/academia\/landing-seminario-fdgp\/","title":{"rendered":""},"content":{"rendered":"\n<iframe loading=\"lazy\" src=\"https:\/\/www.youtube.com\/embed\/foeqOisQKW4\" title=\"YouTube video player\" allow=\"accelerometer; autoplay; clipboard-write; encrypted-media; gyroscope; picture-in-picture\" allowfullscreen=\"\" width=\"560\" height=\"315\" frameborder=\"0\"><\/iframe>\n\n\n\n<div class=\"wp-block-columns has-background is-layout-flex wp-container-core-columns-is-layout-9d6595d7 wp-block-columns-is-layout-flex\" style=\"background-color:#d7d9dd\">\n<div class=\"wp-block-column is-layout-flow wp-block-column-is-layout-flow\">\n<figure class=\"wp-block-image size-large\"><img loading=\"lazy\" decoding=\"async\" width=\"920\" height=\"920\" src=\"https:\/\/camiloharker.com\/academia\/wp-content\/uploads\/2021\/07\/espectativa_001.jpg\" alt=\"\" class=\"wp-image-301\" srcset=\"https:\/\/camiloharker.com\/academia\/wp-content\/uploads\/2021\/07\/espectativa_001.jpg 920w, https:\/\/camiloharker.com\/academia\/wp-content\/uploads\/2021\/07\/espectativa_001-300x300.jpg 300w, https:\/\/camiloharker.com\/academia\/wp-content\/uploads\/2021\/07\/espectativa_001-150x150.jpg 150w, https:\/\/camiloharker.com\/academia\/wp-content\/uploads\/2021\/07\/espectativa_001-768x768.jpg 768w, https:\/\/camiloharker.com\/academia\/wp-content\/uploads\/2021\/07\/espectativa_001-100x100.jpg 100w, https:\/\/camiloharker.com\/academia\/wp-content\/uploads\/2021\/07\/espectativa_001-800x800.jpg 800w\" sizes=\"auto, (max-width: 920px) 100vw, 920px\" \/><\/figure>\n\n\n\n<h3 style=\"-webkit-hyphens: none; -ms-hyphens: none; hyphens: none; color:#423f40\">Participa <strong>gratuitamente<\/strong> en este <strong>seminario<\/strong> en el que trataremos <strong>temas fundamentales<\/strong> para saber con claridad cuando estamos ofreciendo un <strong>trabajo profesional de dise\u00f1o gr\u00e1fico<\/strong>.<\/h3>\n\n\n\n<hr class=\"wp-block-separator\"\/>\n\n\n\n<div class=\"wp-block-image\"><figure class=\"aligncenter size-large is-resized\"><img loading=\"lazy\" decoding=\"async\" src=\"https:\/\/camiloharker.com\/academia\/wp-content\/uploads\/2021\/07\/LogoAcademiaGraficaColor-1024x299.png\" alt=\"\" class=\"wp-image-293\" width=\"256\" height=\"75\" srcset=\"https:\/\/camiloharker.com\/academia\/wp-content\/uploads\/2021\/07\/LogoAcademiaGraficaColor-1024x299.png 1024w, https:\/\/camiloharker.com\/academia\/wp-content\/uploads\/2021\/07\/LogoAcademiaGraficaColor-300x88.png 300w, https:\/\/camiloharker.com\/academia\/wp-content\/uploads\/2021\/07\/LogoAcademiaGraficaColor-768x224.png 768w, https:\/\/camiloharker.com\/academia\/wp-content\/uploads\/2021\/07\/LogoAcademiaGraficaColor-100x29.png 100w, https:\/\/camiloharker.com\/academia\/wp-content\/uploads\/2021\/07\/LogoAcademiaGraficaColor-800x233.png 800w, https:\/\/camiloharker.com\/academia\/wp-content\/uploads\/2021\/07\/LogoAcademiaGraficaColor.png 1104w\" sizes=\"auto, (max-width: 256px) 100vw, 256px\" \/><\/figure><\/div>\n\n\n\n<p class=\"has-text-color\" style=\"color:#423f40;font-size:21px\">La <strong>Academia Gr\u00e1fica Online<\/strong> te invita a participar del <em><strong>Seminario Virtual Fundamentos del Dise\u00f1o Gr\u00e1fico Profesional<\/strong><\/em>, evento que se ha planeado pensando en las inquietudes y necesidades que los dise\u00f1adores gr\u00e1ficos profesionales o empiricos y que los emprendedores independientes tienen frente a los retos del mercadeo y la comunicaci\u00f3n contemporanea.<\/p>\n<\/div>\n\n\n\n<div class=\"wp-block-column is-layout-flow wp-block-column-is-layout-flow\">\n<!-- Begin Mailchimp Signup Form -->\n<!-- Event snippet for Registro FDGP conversion page -->\n<script>\n  gtag('event', 'conversion', {'send_to': 'AW-1026373488\/76vMCPHsmtYCEPDutOkD'});\n<\/script>\n\n<link href=\"\/\/cdn-images.mailchimp.com\/embedcode\/classic-10_7.css\" rel=\"stylesheet\" type=\"text\/css\">\n<style type=\"text\/css\">\n        .header-bg #masthead{display:none;}\n        .site-content {padding: 0px 0 5px;}\n        body.header-bg {padding-top: 0px;}\n\t#mc_embed_signup{clear:left; font:14px Helvetica,Arial,sans-serif; color:#88868b}\n\t\/* Add your own Mailchimp form style overrides in your site stylesheet or in this style block.\n\t   We recommend moving this block and the preceding CSS link to the HEAD of your HTML file. *\/\n<\/style>\n<div id=\"mc_embed_signup\">\n<form action=\"https:\/\/camiloharker.us6.list-manage.com\/subscribe\/post?u=f3ed5d1dc59fe70eb8d1379f2&amp;id=f7195f3078\" method=\"post\" id=\"mc-embedded-subscribe-form\" name=\"mc-embedded-subscribe-form\" class=\"validate\" target=\"_blank\" novalidate=\"\">\n    <div id=\"mc_embed_signup_scroll\">\n\t<center><h1 style=\"color:#423f40\">!Reg\u00edstrate Ya!<\/h1><\/center>\n<div class=\"indicates-required\"><span class=\"asterisk\">*<\/span> indicates required<\/div>\n<div class=\"mc-field-group\">\n\t<label for=\"mce-EMAIL\">Email  <span class=\"asterisk\">*<\/span>\n<\/label>\n\t<input type=\"email\" value=\"\" name=\"EMAIL\" class=\"required email\" id=\"mce-EMAIL\">\n<\/div>\n<div class=\"mc-field-group\">\n\t<label for=\"mce-FNAME\">Nombre  <span class=\"asterisk\">*<\/span>\n<\/label>\n\t<input type=\"text\" value=\"\" name=\"FNAME\" class=\"required\" id=\"mce-FNAME\">\n<\/div>\n<div class=\"mc-field-group\">\n\t<label for=\"mce-LNAME\">Apellido  <span class=\"asterisk\">*<\/span>\n<\/label>\n\t<input type=\"text\" value=\"\" name=\"LNAME\" class=\"required\" id=\"mce-LNAME\">\n<\/div>\n<div class=\"mc-field-group size1of2\">\n\t<label for=\"mce-PHONE\">Celular  <span class=\"asterisk\">*<\/span>\n<\/label>\n\t<input type=\"text\" name=\"PHONE\" class=\"required\" value=\"\" id=\"mce-PHONE\">\n<\/div>\n\t<div id=\"mce-responses\" class=\"clear\">\n\t\t<div class=\"response\" id=\"mce-error-response\" style=\"display:none\"><\/div>\n\t\t<div class=\"response\" id=\"mce-success-response\" style=\"display:none\"><\/div>\n\t<\/div>    <!-- real people should not fill this in and expect good things - do not remove this or risk form bot signups-->\n    <div style=\"position: absolute; left: -5000px;\" aria-hidden=\"true\"><input type=\"text\" name=\"b_f3ed5d1dc59fe70eb8d1379f2_f7195f3078\" tabindex=\"-1\" value=\"\"><\/div>\n    <div class=\"clear\"><input type=\"submit\" value=\"Subscribe\" name=\"subscribe\" id=\"mc-embedded-subscribe\" class=\"button\"><\/div>\n    <\/div>\n<\/form>\n<\/div>\n<script type=\"text\/javascript\" src=\"\/\/s3.amazonaws.com\/downloads.mailchimp.com\/js\/mc-validate.js\"><\/script><script type=\"text\/javascript\">(function($) {window.fnames = new Array(); window.ftypes = new Array();fnames[0]='EMAIL';ftypes[0]='email';fnames[1]='FNAME';ftypes[1]='text';fnames[2]='LNAME';ftypes[2]='text';fnames[3]='ADDRESS';ftypes[3]='address';fnames[4]='PHONE';ftypes[4]='phone';fnames[5]='BIRTHDAY';ftypes[5]='birthday';}(jQuery));var $mcj = jQuery.noConflict(true);<\/script>\n<!--End mc_embed_signup-->\n\n\n\n<p class=\"has-black-color has-text-color has-small-font-size\"><a rel=\"noreferrer noopener\" href=\"https:\/\/camiloharker.com\/academia\/politicas-de-privacidad\/\" target=\"_blank\">Politicas de privacidad<\/a><\/p>\n\n\n\n<p class=\"has-text-align-left\" style=\"font-size:12px; \"><p class=\"has-text-align-left has-normal-font-size\" style=\"-webkit-hyphens: none; -ms-hyphens: none; hyphens: none; color:#423f40\">Llena ahora mismo los campos del formulario y recibiras un correo de <strong>confirmaci\u00f3n de tu inscripci\u00f3n<\/strong>, te enviaremos el link de conexi\u00f3n y te estaremos enviando<strong> informaci\u00f3n pertinente al evento.<\/strong><\/p><\/p>\n\n\n\n<figure class=\"wp-block-image size-large\"><img loading=\"lazy\" decoding=\"async\" width=\"920\" height=\"920\" src=\"https:\/\/camiloharker.com\/academia\/wp-content\/uploads\/2021\/07\/espectativa_003.jpg\" alt=\"\" class=\"wp-image-300\" srcset=\"https:\/\/camiloharker.com\/academia\/wp-content\/uploads\/2021\/07\/espectativa_003.jpg 920w, https:\/\/camiloharker.com\/academia\/wp-content\/uploads\/2021\/07\/espectativa_003-300x300.jpg 300w, https:\/\/camiloharker.com\/academia\/wp-content\/uploads\/2021\/07\/espectativa_003-150x150.jpg 150w, https:\/\/camiloharker.com\/academia\/wp-content\/uploads\/2021\/07\/espectativa_003-768x768.jpg 768w, https:\/\/camiloharker.com\/academia\/wp-content\/uploads\/2021\/07\/espectativa_003-100x100.jpg 100w, https:\/\/camiloharker.com\/academia\/wp-content\/uploads\/2021\/07\/espectativa_003-800x800.jpg 800w\" sizes=\"auto, (max-width: 920px) 100vw, 920px\" \/><\/figure>\n<\/div>\n<\/div>\n\n\n\n<p class=\"has-text-align-center has-white-background-color has-text-color has-background\" style=\"color:#a20800;font-size:21px\">Dirigido a <strong>empresarios<\/strong>, <strong>dise\u00f1adores gr\u00e1ficos<\/strong> e interesados en <strong>aprender dise\u00f1o gr\u00e1fico<\/strong><\/p>\n\n\n\n<figure class=\"wp-block-image alignwide size-large\"><img loading=\"lazy\" decoding=\"async\" width=\"663\" height=\"147\" src=\"https:\/\/camiloharker.com\/academia\/wp-content\/uploads\/2021\/07\/cenefa_1200-2.jpg\" alt=\"\" class=\"wp-image-243\" srcset=\"https:\/\/camiloharker.com\/academia\/wp-content\/uploads\/2021\/07\/cenefa_1200-2.jpg 663w, https:\/\/camiloharker.com\/academia\/wp-content\/uploads\/2021\/07\/cenefa_1200-2-300x67.jpg 300w, https:\/\/camiloharker.com\/academia\/wp-content\/uploads\/2021\/07\/cenefa_1200-2-100x22.jpg 100w\" sizes=\"auto, (max-width: 663px) 100vw, 663px\" \/><\/figure>\n\n\n\n<div class=\"wp-block-columns is-layout-flex wp-container-core-columns-is-layout-9d6595d7 wp-block-columns-is-layout-flex\">\n<div class=\"wp-block-column is-layout-flow wp-block-column-is-layout-flow\">\n<p style=\"font-size:21px\" style=\"-webkit-hyphens: none; -ms-hyphens: none; hyphens: none;\">Hola, mi nombre es <strong>Camilo Harker<\/strong>, soy <strong>Dise\u00f1ador Gr\u00e1fico<\/strong> con m\u00e1s de <strong>20 a\u00f1os de experiencia profesional<\/strong> en el mercado. Ser\u00e9 el moderador del seminario y me encargar\u00e9 de responder preguntas como:<\/p>\n\n\n\n<h4 style=\"-webkit-hyphens: none; -ms-hyphens: none; hyphens: none;\">\u00bfSoy un dise\u00f1ador gr\u00e1fico?<br><br>\u00bfEl dise\u00f1o gr\u00e1fico es arte?<br><br>\u00bfPuedo hacer el dise\u00f1o de mi empresa?<br><br>\u00bfCuanto cuesta un logo?<br><br>\u00bfQu\u00e9 programas maneja un dise\u00f1ador?<br><\/h4>\n\n\n\n<p style=\"font-size:21px\" style=\"-webkit-hyphens: none; -ms-hyphens: none; hyphens: none;\">Tambi\u00e9n trataremos tem\u00e1s b\u00e1sicos y conceptos como ret\u00edculas, teor\u00eda del color, tipogr\u00e1fia, im\u00e1gen corporativa, historia del dise\u00f1o gr\u00e1fico, aplicaciones modernas del dise\u00f1o, entre otras.<\/p>\n\n\n\n<p><\/p>\n<\/div>\n\n\n\n<div class=\"wp-block-column is-layout-flow wp-block-column-is-layout-flow\">\n<figure class=\"wp-block-image size-large\"><img loading=\"lazy\" decoding=\"async\" width=\"744\" height=\"853\" src=\"https:\/\/camiloharker.com\/academia\/wp-content\/uploads\/2021\/06\/foto_Camilo.png\" alt=\"\" class=\"wp-image-45\" srcset=\"https:\/\/camiloharker.com\/academia\/wp-content\/uploads\/2021\/06\/foto_Camilo.png 744w, https:\/\/camiloharker.com\/academia\/wp-content\/uploads\/2021\/06\/foto_Camilo-262x300.png 262w\" sizes=\"auto, (max-width: 744px) 100vw, 744px\" \/><\/figure>\n<\/div>\n<\/div>\n\n\n\n<div class=\"wp-block-columns is-layout-flex wp-container-core-columns-is-layout-9d6595d7 wp-block-columns-is-layout-flex\">\n<div class=\"wp-block-column is-layout-flow wp-block-column-is-layout-flow\">\n<p style=\"font-size:24px\"><em>UNIVERSIDAD NACIONAL DE COLOMBIA<br><\/em><strong>PROFESIONAL EN DISE\u00d1O GR\u00c1FICO<\/strong><br><strong>2003<\/strong><\/p>\n\n\n\n<p style=\"font-size:24px\"><em>UNIVERSIDADA EAN<br><\/em><strong>ESPECIALISTA EN GERENCIA DE MERCADEO<\/strong><br><strong>2012<\/strong><\/p>\n\n\n\n<p style=\"font-size:21px\" style=\"-webkit-hyphens: none; -ms-hyphens: none; hyphens: none;\"><strong>Experiencia en planeaci\u00f3n y ejecuci\u00f3n de proyectos:<\/strong> Corporativos, <em>digital signage<\/em>, campa\u00f1as de comunicaci\u00f3n y publicitarias, desarrollo web, multimedia, aplicaciones m\u00f3viles, cursos <em>e-learning<\/em>, <em>digital marketing<\/em>.<\/p>\n<\/div>\n\n\n\n<div class=\"wp-block-column is-layout-flow wp-block-column-is-layout-flow\">\n\n\n\n<!-- Begin Mailchimp Signup Form -->\n\n\n<link href=\"\/\/cdn-images.mailchimp.com\/embedcode\/classic-10_7.css\" rel=\"stylesheet\" type=\"text\/css\">\n<style type=\"text\/css\">\n        .header-bg #masthead{display:none;}\n        .site-content {padding: 0px 0 5px;}\n        body.header-bg {padding-top: 0px;}\n\t#mc_embed_signup{clear:left; font:14px Helvetica,Arial,sans-serif; color:#88868b}\n\t\/* Add your own Mailchimp form style overrides in your site stylesheet or in this style block.\n\t   We recommend moving this block and the preceding CSS link to the HEAD of your HTML file. *\/\n<\/style>\n<div id=\"mc_embed_signup\">\n<form action=\"https:\/\/camiloharker.us6.list-manage.com\/subscribe\/post?u=f3ed5d1dc59fe70eb8d1379f2&amp;id=f7195f3078\" method=\"post\" id=\"mc-embedded-subscribe-form\" name=\"mc-embedded-subscribe-form\" class=\"validate\" target=\"_blank\" novalidate=\"\">\n    <div id=\"mc_embed_signup_scroll\">\n\t<center><h1 style=\"color:#423f40\">!Reg\u00edstrate Ya!<\/h1><\/center>\n<div class=\"indicates-required\"><span class=\"asterisk\">*<\/span> indicates required<\/div>\n<div class=\"mc-field-group\">\n\t<label for=\"mce-EMAIL\">Email  <span class=\"asterisk\">*<\/span>\n<\/label>\n\t<input type=\"email\" value=\"\" name=\"EMAIL\" class=\"required email\" id=\"mce-EMAIL\">\n<\/div>\n<div class=\"mc-field-group\">\n\t<label for=\"mce-FNAME\">Nombre  <span class=\"asterisk\">*<\/span>\n<\/label>\n\t<input type=\"text\" value=\"\" name=\"FNAME\" class=\"required\" id=\"mce-FNAME\">\n<\/div>\n<div class=\"mc-field-group\">\n\t<label for=\"mce-LNAME\">Apellido  <span class=\"asterisk\">*<\/span>\n<\/label>\n\t<input type=\"text\" value=\"\" name=\"LNAME\" class=\"required\" id=\"mce-LNAME\">\n<\/div>\n<div class=\"mc-field-group size1of2\">\n\t<label for=\"mce-PHONE\">Celular  <span class=\"asterisk\">*<\/span>\n<\/label>\n\t<input type=\"text\" name=\"PHONE\" class=\"required\" value=\"\" id=\"mce-PHONE\">\n<\/div>\n\t<div id=\"mce-responses\" class=\"clear\">\n\t\t<div class=\"response\" id=\"mce-error-response\" style=\"display:none\"><\/div>\n\t\t<div class=\"response\" id=\"mce-success-response\" style=\"display:none\"><\/div>\n\t<\/div>    <!-- real people should not fill this in and expect good things - do not remove this or risk form bot signups-->\n    <div style=\"position: absolute; left: -5000px;\" aria-hidden=\"true\"><input type=\"text\" name=\"b_f3ed5d1dc59fe70eb8d1379f2_f7195f3078\" tabindex=\"-1\" value=\"\"><\/div>\n    <div class=\"clear\"><input type=\"submit\" value=\"Subscribe\" name=\"subscribe\" id=\"mc-embedded-subscribe\" class=\"button\"><\/div>\n    <\/div>\n<\/form>\n<\/div>\n<script type=\"text\/javascript\" src=\"\/\/s3.amazonaws.com\/downloads.mailchimp.com\/js\/mc-validate.js\"><\/script><script type=\"text\/javascript\">(function($) {window.fnames = new Array(); window.ftypes = new Array();fnames[0]='EMAIL';ftypes[0]='email';fnames[1]='FNAME';ftypes[1]='text';fnames[2]='LNAME';ftypes[2]='text';fnames[3]='ADDRESS';ftypes[3]='address';fnames[4]='PHONE';ftypes[4]='phone';fnames[5]='BIRTHDAY';ftypes[5]='birthday';}(jQuery));var $mcj = jQuery.noConflict(true);<\/script>\n<!--End mc_embed_signup-->\n\n\n\n\n<p class=\"has-small-font-size\"><a rel=\"noreferrer noopener\" href=\"https:\/\/camiloharker.com\/academia\/politicas-de-privacidad\/\" target=\"_blank\">Politicas de privacidad<\/a><\/p>\n\n\n\n<p style=\"font-size:12px\"><p class=\"has-normal-font-size\" style=\"-webkit-hyphens: none; -ms-hyphens: none; hyphens: none;\"><strong>Llena ahora mismo<\/strong> los campos del formulario y recibiras un correo de <strong>confirmaci\u00f3n de tu inscripci\u00f3n<\/strong>, te enviaremos el link de conexi\u00f3n y te estaremos enviando<strong> informaci\u00f3n pertinente al evento.<\/strong><\/p><\/p>\n<\/div>\n<\/div>\n","protected":false},"excerpt":{"rendered":"<p>Participa gratuitamente en este seminario en el que trataremos temas fundamentales para saber con claridad cuando estamos ofreciendo un trabajo profesional de dise\u00f1o gr\u00e1fico. La Academia Gr\u00e1fica Online te invita a participar del Seminario Virtual Fundamentos del Dise\u00f1o Gr\u00e1fico Profesional, evento que se ha planeado <span class=\"read-more\"><a class=\"more-link btn btn-transparent\" href=\"https:\/\/camiloharker.com\/academia\/landing-seminario-fdgp\/\">Leer m\u00e1s&#8230;<\/a><\/span><\/p>\n","protected":false},"author":1,"featured_media":0,"parent":0,"menu_order":0,"comment_status":"closed","ping_status":"closed","template":"","meta":{"footnotes":""},"class_list":["post-162","page","type-page","status-publish","hentry"],"_links":{"self":[{"href":"https:\/\/camiloharker.com\/academia\/wp-json\/wp\/v2\/pages\/162","targetHints":{"allow":["GET"]}}],"collection":[{"href":"https:\/\/camiloharker.com\/academia\/wp-json\/wp\/v2\/pages"}],"about":[{"href":"https:\/\/camiloharker.com\/academia\/wp-json\/wp\/v2\/types\/page"}],"author":[{"embeddable":true,"href":"https:\/\/camiloharker.com\/academia\/wp-json\/wp\/v2\/users\/1"}],"replies":[{"embeddable":true,"href":"https:\/\/camiloharker.com\/academia\/wp-json\/wp\/v2\/comments?post=162"}],"version-history":[{"count":81,"href":"https:\/\/camiloharker.com\/academia\/wp-json\/wp\/v2\/pages\/162\/revisions"}],"predecessor-version":[{"id":332,"href":"https:\/\/camiloharker.com\/academia\/wp-json\/wp\/v2\/pages\/162\/revisions\/332"}],"wp:attachment":[{"href":"https:\/\/camiloharker.com\/academia\/wp-json\/wp\/v2\/media?parent=162"}],"curies":[{"name":"wp","href":"https:\/\/api.w.org\/{rel}","templated":true}]}}